{"id":20908,"date":"2025-10-20T02:25:42","date_gmt":"2025-10-20T00:25:42","guid":{"rendered":"https:\/\/streetkicksco.com\/?post_type=product&#038;p=20908"},"modified":"2026-03-18T06:19:34","modified_gmt":"2026-03-18T05:19:34","slug":"new-balance-530-sl-miu-miu-ecru-shearling","status":"publish","type":"product","link":"https:\/\/streetkicksco.com\/it\/shop\/new-balance-530-sl-miu-miu-ecru-shearling\/","title":{"rendered":"New Balance 530 SL Miu Miu Ecru Shearling"},"content":{"rendered":"<p>New Balance 530 SL Miu Miu Ecru Shearling: Zapatillas exclusivas de colaboraci\u00f3n entre Miu Miu y New Balance, dise\u00f1adas en color ecru con detalles shearling premium. Estilo sofisticado, materiales de lujo y m\u00e1xima comodidad, ideales para destacar en la moda urbana y elevar cualquier look casual. Encuentra el equilibrio perfecto entre tendencia y funcionalidad en estas sneakers \u00fanicas.<\/p>\n","protected":false},"excerpt":{"rendered":"<p>New Balance 530 SL Miu Miu Ecru Shearling: Zapatillas exclusivas de colaboraci\u00f3n entre Miu Miu y New Balance,&hellip;<\/p>\n","protected":false},"featured_media":20910,"template":"","meta":[],"product_cat":[1186,99,1039],"product_tag":[],"class_list":{"0":"post-20908","1":"product","2":"type-product","3":"status-publish","4":"has-post-thumbnail","6":"product_cat-miu-miu","7":"product_cat-new-balance","8":"product_cat-new-balance-530","9":"pa_talla-eu-40","10":"pa_talla-eu-41","11":"pa_talla-eu-39-5-eu-uk-6-5-25-5cm","12":"pa_talla-eu-43","13":"pa_talla-eu-41-5-eu-uk-7-5-26-5cm","14":"pa_talla-eu-45","15":"pa_talla-eu-46","16":"pa_talla-eu-47","17":"pa_talla-eu-48","19":"first","20":"instock","21":"shipping-taxable","22":"purchasable","23":"product-type-variable"},"_links":{"self":[{"href":"https:\/\/streetkicksco.com\/it\/wp-json\/wp\/v2\/product\/20908","targetHints":{"allow":["GET"]}}],"collection":[{"href":"https:\/\/streetkicksco.com\/it\/wp-json\/wp\/v2\/product"}],"about":[{"href":"https:\/\/streetkicksco.com\/it\/wp-json\/wp\/v2\/types\/product"}],"version-history":[{"count":0,"href":"https:\/\/streetkicksco.com\/it\/wp-json\/wp\/v2\/product\/20908\/revisions"}],"wp:featuredmedia":[{"embeddable":true,"href":"https:\/\/streetkicksco.com\/it\/wp-json\/wp\/v2\/media\/20910"}],"wp:attachment":[{"href":"https:\/\/streetkicksco.com\/it\/wp-json\/wp\/v2\/media?parent=20908"}],"wp:term":[{"taxonomy":"product_cat","embeddable":true,"href":"https:\/\/streetkicksco.com\/it\/wp-json\/wp\/v2\/product_cat?post=20908"},{"taxonomy":"product_tag","embeddable":true,"href":"https:\/\/streetkicksco.com\/it\/wp-json\/wp\/v2\/product_tag?post=20908"}],"curies":[{"name":"wp","href":"https:\/\/api.w.org\/{rel}","templated":true}]}}