{"id":21073,"date":"2025-10-23T08:41:38","date_gmt":"2025-10-23T06:41:38","guid":{"rendered":"https:\/\/streetkicksco.com\/?post_type=product&#038;p=21073"},"modified":"2026-03-11T17:43:20","modified_gmt":"2026-03-11T16:43:20","slug":"adidas-samba-og-w","status":"publish","type":"product","link":"https:\/\/streetkicksco.com\/it\/shop\/adidas-samba-og-w\/","title":{"rendered":"Adidas Samba OG W"},"content":{"rendered":"<p>Este cl\u00e1sico de adidas destaca por su dise\u00f1o atemporal y materiales de primera calidad, pensado para quienes buscan un estilo retro y urbano con m\u00e1xima comodidad y versatilidad. Perfecto para looks casuales, el modelo Samba OG es reconocido mundialmente tanto en la escena sneaker como en la moda urbana<\/p>\n<ul class=\"marker:text-quiet list-disc\">\n<li class=\"py-0 my-0 prose-p:pt-0 prose-p:mb-2 prose-p:my-0 [&amp;&gt;p]:pt-0 [&amp;&gt;p]:mb-2 [&amp;&gt;p]:my-0\">\n<p class=\"my-2 [&amp;+p]:mt-4 [&amp;_strong:has(+br)]:inline-block [&amp;_strong:has(+br)]:pb-2\"><strong>Modelo:<\/strong>\u00a0adidas Samba OG W<\/p>\n<\/li>\n<li class=\"py-0 my-0 prose-p:pt-0 prose-p:mb-2 prose-p:my-0 [&amp;&gt;p]:pt-0 [&amp;&gt;p]:mb-2 [&amp;&gt;p]:my-0\">\n<p class=\"my-2 [&amp;+p]:mt-4 [&amp;_strong:has(+br)]:inline-block [&amp;_strong:has(+br)]:pb-2\"><strong>Colores:<\/strong>\u00a0Negro, blanco crema y verde \u201ccollegiate\u201d<\/p>\n<\/li>\n<li class=\"py-0 my-0 prose-p:pt-0 prose-p:mb-2 prose-p:my-0 [&amp;&gt;p]:pt-0 [&amp;&gt;p]:mb-2 [&amp;&gt;p]:my-0\">\n<p class=\"my-2 [&amp;+p]:mt-4 [&amp;_strong:has(+br)]:inline-block [&amp;_strong:has(+br)]:pb-2\"><strong>Material exterior (empeine):<\/strong>\u00a0Cuero<\/p>\n<\/li>\n<li class=\"py-0 my-0 prose-p:pt-0 prose-p:mb-2 prose-p:my-0 [&amp;&gt;p]:pt-0 [&amp;&gt;p]:mb-2 [&amp;&gt;p]:my-0\">\n<p class=\"my-2 [&amp;+p]:mt-4 [&amp;_strong:has(+br)]:inline-block [&amp;_strong:has(+br)]:pb-2\"><strong>Material interior:<\/strong>\u00a0Textil y sint\u00e9tico<\/p>\n<\/li>\n<li class=\"py-0 my-0 prose-p:pt-0 prose-p:mb-2 prose-p:my-0 [&amp;&gt;p]:pt-0 [&amp;&gt;p]:mb-2 [&amp;&gt;p]:my-0\">\n<p class=\"my-2 [&amp;+p]:mt-4 [&amp;_strong:has(+br)]:inline-block [&amp;_strong:has(+br)]:pb-2\"><strong>Plantilla:<\/strong>\u00a0Sint\u00e9tico y textil<\/p>\n<\/li>\n<li class=\"py-0 my-0 prose-p:pt-0 prose-p:mb-2 prose-p:my-0 [&amp;&gt;p]:pt-0 [&amp;&gt;p]:mb-2 [&amp;&gt;p]:my-0\">\n<p class=\"my-2 [&amp;+p]:mt-4 [&amp;_strong:has(+br)]:inline-block [&amp;_strong:has(+br)]:pb-2\"><strong>Suela:<\/strong>\u00a0Goma<\/p>\n<\/li>\n<li class=\"py-0 my-0 prose-p:pt-0 prose-p:mb-2 prose-p:my-0 [&amp;&gt;p]:pt-0 [&amp;&gt;p]:mb-2 [&amp;&gt;p]:my-0\">\n<p class=\"my-2 [&amp;+p]:mt-4 [&amp;_strong:has(+br)]:inline-block [&amp;_strong:has(+br)]:pb-2\"><strong>Categor\u00eda:<\/strong>\u00a0Hombre y mujer (unisex)<\/p>\n<\/li>\n<li class=\"py-0 my-0 prose-p:pt-0 prose-p:mb-2 prose-p:my-0 [&amp;&gt;p]:pt-0 [&amp;&gt;p]:mb-2 [&amp;&gt;p]:my-0\">\n<p class=\"my-2 [&amp;+p]:mt-4 [&amp;_strong:has(+br)]:inline-block [&amp;_strong:has(+br)]:pb-2\"><strong>Estilo:<\/strong>\u00a0Casual, de perfil bajo (low), con look retro<\/p>\n<\/li>\n<li class=\"py-0 my-0 prose-p:pt-0 prose-p:mb-2 prose-p:my-0 [&amp;&gt;p]:pt-0 [&amp;&gt;p]:mb-2 [&amp;&gt;p]:my-0\">\n<p class=\"my-2 [&amp;+p]:mt-4 [&amp;_strong:has(+br)]:inline-block [&amp;_strong:has(+br)]:pb-2\"><strong>Ajuste:<\/strong>\u00a0Normal<\/p>\n<\/li>\n<li class=\"py-0 my-0 prose-p:pt-0 prose-p:mb-2 prose-p:my-0 [&amp;&gt;p]:pt-0 [&amp;&gt;p]:mb-2 [&amp;&gt;p]:my-0\">\n<p class=\"my-2 [&amp;+p]:mt-4 [&amp;_strong:has(+br)]:inline-block [&amp;_strong:has(+br)]:pb-2\"><strong>Color principal:<\/strong>\u00a0Verde<\/p>\n<\/li>\n<\/ul>\n","protected":false},"excerpt":{"rendered":"<p>Este cl\u00e1sico de adidas destaca por su dise\u00f1o atemporal y materiales de primera calidad, pensado para quienes buscan&hellip;<\/p>\n","protected":false},"featured_media":21085,"template":"","meta":[],"product_cat":[35,49,53],"product_tag":[1169,512,851,842,844,846,863,862,514,1172,857,860,1171,856,858,267,515,845,843,859,848,946,855,861,850,849,847,853,854,1170,852],"class_list":{"0":"post-21073","1":"product","2":"type-product","3":"status-publish","4":"has-post-thumbnail","6":"product_cat-adidas","7":"product_cat-adidas-samba","8":"product_cat-calzado","9":"product_tag-adidas-originals-samba-lt","10":"product_tag-adidas-samba","11":"product_tag-adidas-samba-exclusivas","12":"product_tag-adidas-samba-hombre","13":"product_tag-adidas-samba-og-estampado-de-vaca","14":"product_tag-adidas-samba-pelo-sintetico","15":"product_tag-adidas-samba-tendencia","16":"product_tag-calzado-moderno-adidas","17":"product_tag-cowprint","18":"product_tag-cuero-premium","19":"product_tag-diseno-atrevido","20":"product_tag-estampado-animal-print","21":"product_tag-estilo-urbano","22":"product_tag-estilo-vintage","23":"product_tag-look-streetwear","24":"product_tag-moda-urbana","25":"product_tag-samba-cow-print","26":"product_tag-samba-hombre","27":"product_tag-sneakers-adidas","28":"product_tag-sneakers-con-personalidad","29":"product_tag-sneakers-estilo-streetwear","30":"product_tag-streetwear","31":"product_tag-tendencia-animal-print-sneakers","32":"product_tag-tendencia-en-zapatillas","33":"product_tag-zapatillas-adidas-edicion-limitada","34":"product_tag-zapatillas-adidas-originales-mujer","35":"product_tag-zapatillas-con-estampado-animal","36":"product_tag-zapatillas-con-suela-de-goma-caramelo","37":"product_tag-zapatillas-de-moda-urbana-2025","38":"product_tag-zapatillas-iconicas","39":"product_tag-zapatillas-retro-adidas-samba","41":"first","42":"instock","43":"sale","44":"shipping-taxable","45":"purchasable","46":"product-type-variable","47":"has-default-attributes"},"_links":{"self":[{"href":"https:\/\/streetkicksco.com\/it\/wp-json\/wp\/v2\/product\/21073","targetHints":{"allow":["GET"]}}],"collection":[{"href":"https:\/\/streetkicksco.com\/it\/wp-json\/wp\/v2\/product"}],"about":[{"href":"https:\/\/streetkicksco.com\/it\/wp-json\/wp\/v2\/types\/product"}],"version-history":[{"count":0,"href":"https:\/\/streetkicksco.com\/it\/wp-json\/wp\/v2\/product\/21073\/revisions"}],"wp:featuredmedia":[{"embeddable":true,"href":"https:\/\/streetkicksco.com\/it\/wp-json\/wp\/v2\/media\/21085"}],"wp:attachment":[{"href":"https:\/\/streetkicksco.com\/it\/wp-json\/wp\/v2\/media?parent=21073"}],"wp:term":[{"taxonomy":"product_cat","embeddable":true,"href":"https:\/\/streetkicksco.com\/it\/wp-json\/wp\/v2\/product_cat?post=21073"},{"taxonomy":"product_tag","embeddable":true,"href":"https:\/\/streetkicksco.com\/it\/wp-json\/wp\/v2\/product_tag?post=21073"}],"curies":[{"name":"wp","href":"https:\/\/api.w.org\/{rel}","templated":true}]}}