{"id":2484,"date":"2025-02-23T00:00:37","date_gmt":"2025-02-23T00:00:37","guid":{"rendered":"https:\/\/streetkicksco.com\/producto\/air-jordan-1-high-og-denim\/"},"modified":"2026-03-11T15:31:40","modified_gmt":"2026-03-11T14:31:40","slug":"air-jordan-1-high-og-denim","status":"publish","type":"product","link":"https:\/\/streetkicksco.com\/it\/shop\/air-jordan-1-high-og-denim\/","title":{"rendered":"Air Jordan 1 High OG Denim"},"content":{"rendered":"<p>Nike contin\u00faa cocinando la m\u00edtica Air Jordan 1 High para consolidar definitivamente su notoriedad en la calle, en los pies de todos aquellos que adoran las zapatillas altas de inspiraci\u00f3n retro.<\/p>\n<p>El primer calzado con la firma de Michael Jordan se presenta aqu\u00ed en una edici\u00f3n puramente lifestyle con un nombre evocador. Bautizada simplemente como &#8216;Denim&#8217;, el par se destaca en una novedosa combinaci\u00f3n que alterna una base de cuero blanco y superposiciones de denim de color azul cielo.<\/p>\n<p>La Jordan 1 High &#8216;Denim&#8217; tambi\u00e9n se distingue por un efecto desgastado m\u00e1s de moda que nunca. Algunas de sus costuras dan la impresi\u00f3n de haber sido desgastadas por el tiempo, al igual que los contornos de las Jordan Wings que se encuentran presentes en cada panel exterior.<\/p>\n<p>El dise\u00f1o cl\u00e1sico de Peter Moore, quien tambi\u00e9n es responsable de otras populares zapatillas como las Nike Dunk Low, presenta un llamativo broche dorado en los cordones que, por supuesto, se puede quitar.<\/p>\n<p>Por \u00faltimo, destacamos la pertinencia de la suela que se fusiona perfectamente con el dise\u00f1o gracias a su doble combinaci\u00f3n de blanco y azul.<\/p>\n<p>Lanzada el 12 de agosto de 2022 en una versi\u00f3n exclusivamente WMNS (Women&#8217;s), esta variante de la AJ1 ser\u00e1 especialmente atractiva para aquellos que buscan una alternativa seria a la Air Jordan 1 High &#8216;Hyper Royal&#8217;. Ambas te esperan en Kikikickz, en nuestra colecci\u00f3n de zapatillas Air Jordan para hombres y mujeres.<\/p>\n","protected":false},"excerpt":{"rendered":"<p>Nike contin\u00faa cocinando la m\u00edtica Air Jordan 1 High para consolidar definitivamente su notoriedad en la calle, en&hellip;<\/p>\n","protected":false},"featured_media":2480,"template":"","meta":[],"product_cat":[88,53,175,179,37],"product_tag":[801,178],"class_list":{"0":"post-2484","1":"product","2":"type-product","3":"status-publish","4":"has-post-thumbnail","6":"product_cat-jordan","7":"product_cat-calzado","8":"product_cat-jordan-1","9":"product_cat-jordan-1-high","10":"product_cat-accessories","11":"product_tag-air-jordan-1-high-og-denim","12":"product_tag-jordan-1","13":"pa_talla-eu-56","14":"pa_talla-eu-39","15":"pa_talla-eu-40","16":"pa_talla-eu-41","17":"pa_talla-eu-42","18":"pa_talla-eu-43","19":"pa_talla-eu-44","20":"pa_talla-eu-45","21":"pa_talla-eu-46","22":"pa_talla-eu-47","23":"pa_talla-eu-48","25":"first","26":"instock","27":"sale","28":"shipping-taxable","29":"purchasable","30":"product-type-variable"},"_links":{"self":[{"href":"https:\/\/streetkicksco.com\/it\/wp-json\/wp\/v2\/product\/2484","targetHints":{"allow":["GET"]}}],"collection":[{"href":"https:\/\/streetkicksco.com\/it\/wp-json\/wp\/v2\/product"}],"about":[{"href":"https:\/\/streetkicksco.com\/it\/wp-json\/wp\/v2\/types\/product"}],"version-history":[{"count":0,"href":"https:\/\/streetkicksco.com\/it\/wp-json\/wp\/v2\/product\/2484\/revisions"}],"wp:featuredmedia":[{"embeddable":true,"href":"https:\/\/streetkicksco.com\/it\/wp-json\/wp\/v2\/media\/2480"}],"wp:attachment":[{"href":"https:\/\/streetkicksco.com\/it\/wp-json\/wp\/v2\/media?parent=2484"}],"wp:term":[{"taxonomy":"product_cat","embeddable":true,"href":"https:\/\/streetkicksco.com\/it\/wp-json\/wp\/v2\/product_cat?post=2484"},{"taxonomy":"product_tag","embeddable":true,"href":"https:\/\/streetkicksco.com\/it\/wp-json\/wp\/v2\/product_tag?post=2484"}],"curies":[{"name":"wp","href":"https:\/\/api.w.org\/{rel}","templated":true}]}}