{"id":2599,"date":"2025-02-23T00:07:49","date_gmt":"2025-02-23T00:07:49","guid":{"rendered":"https:\/\/streetkicksco.com\/producto\/nike-dunk-low-se-sashiko-industrial-blue\/"},"modified":"2026-03-27T08:02:37","modified_gmt":"2026-03-27T07:02:37","slug":"nike-dunk-low-se-sashiko-industrial-blue","status":"publish","type":"product","link":"https:\/\/streetkicksco.com\/it\/shop\/nike-dunk-low-se-sashiko-industrial-blue\/","title":{"rendered":"Nike Dunk Low SE \u2018Sashiko \u2013 Industrial Blue\u2019"},"content":{"rendered":"<p>\u00a1Descubre el Nike Dunk Low SE \u2018Sashiko Industrial Blue\u2019! Inspirado en los 80, este sneaker es un imprescindible para los j\u00f3venes amantes de la moda. Confeccionado en twill textil, presenta una base blanca, superposiciones azules y bordados Sashiko en la puntera y talonera. La etiqueta tejida de Nike en la leng\u00fceta a\u00f1ade un toque distintivo. Su suela de goma garantiza un agarre excepcional. Autenticidad, estilo\u2026 \u00a1lo tiene todo! Eleva tu colecci\u00f3n con este \u00edcono. No esperes m\u00e1s, compra ya y destaca entre la multitud. \u00a1A\u00f1\u00e1delo a tu carrito y transforma tu look sneaker!<\/p>\n","protected":false},"excerpt":{"rendered":"<p>\u00a1Descubre el Nike Dunk Low SE \u2018Sashiko Industrial Blue\u2019! Inspirado en los 80, este sneaker es un imprescindible&hellip;<\/p>\n","protected":false},"featured_media":2593,"template":"","meta":[],"product_cat":[53,61,37],"product_tag":[186],"class_list":{"0":"post-2599","1":"product","2":"type-product","3":"status-publish","4":"has-post-thumbnail","6":"product_cat-calzado","7":"product_cat-dunk-sb","8":"product_cat-accessories","9":"product_tag-dunk-low-los-angeles-dodgers","10":"pa_talla-eu-56","11":"pa_talla-eu-39","12":"pa_talla-eu-40","13":"pa_talla-eu-41","14":"pa_talla-eu-42","15":"pa_talla-eu-43","16":"pa_talla-eu-44","17":"pa_talla-eu-45","18":"pa_talla-eu-46","19":"pa_talla-eu-47","20":"pa_talla-eu-48","22":"first","23":"instock","24":"sale","25":"shipping-taxable","26":"purchasable","27":"product-type-variable"},"_links":{"self":[{"href":"https:\/\/streetkicksco.com\/it\/wp-json\/wp\/v2\/product\/2599","targetHints":{"allow":["GET"]}}],"collection":[{"href":"https:\/\/streetkicksco.com\/it\/wp-json\/wp\/v2\/product"}],"about":[{"href":"https:\/\/streetkicksco.com\/it\/wp-json\/wp\/v2\/types\/product"}],"version-history":[{"count":0,"href":"https:\/\/streetkicksco.com\/it\/wp-json\/wp\/v2\/product\/2599\/revisions"}],"wp:featuredmedia":[{"embeddable":true,"href":"https:\/\/streetkicksco.com\/it\/wp-json\/wp\/v2\/media\/2593"}],"wp:attachment":[{"href":"https:\/\/streetkicksco.com\/it\/wp-json\/wp\/v2\/media?parent=2599"}],"wp:term":[{"taxonomy":"product_cat","embeddable":true,"href":"https:\/\/streetkicksco.com\/it\/wp-json\/wp\/v2\/product_cat?post=2599"},{"taxonomy":"product_tag","embeddable":true,"href":"https:\/\/streetkicksco.com\/it\/wp-json\/wp\/v2\/product_tag?post=2599"}],"curies":[{"name":"wp","href":"https:\/\/api.w.org\/{rel}","templated":true}]}}