{"id":2720,"date":"2025-02-23T00:25:47","date_gmt":"2025-02-23T00:25:47","guid":{"rendered":"https:\/\/streetkicksco.com\/producto\/nike-dunk-low-sun-club-arctic-orange-sanded-gold\/"},"modified":"2026-03-27T08:02:03","modified_gmt":"2026-03-27T07:02:03","slug":"nike-dunk-low-sun-club-arctic-orange-sanded-gold","status":"publish","type":"product","link":"https:\/\/streetkicksco.com\/it\/shop\/nike-dunk-low-sun-club-arctic-orange-sanded-gold\/","title":{"rendered":"Nike Dunk Low \u2018Sun Club \u2013 Arctic Orange Sanded Gold\u2019"},"content":{"rendered":"<p>Descubre las Nike Dunk Low \u2018Sun Club \u2013 Arctic Orange Sanded Gold\u2019&#8230; El complemento perfecto para destacar este verano. Con un dise\u00f1o vibrante y sostenible, estas sneakers combinan materiales reciclados con una paleta de colores asim\u00e9trica: arena, azul, rosa y verde lima. Los Swooshes desparejados en azul y amarillo a\u00f1aden singularidad. Detalles \u00fanicos como las etiquetas \u2018Nike Sun Club\u2019 y el gr\u00e1fico de palmera y sol sonriente completan esta obra maestra. \u00a1No te quedes sin ellas! Eleva tu estilo, apoya la sostenibilidad y s\u00e9 el centro de atenci\u00f3n. \u00a1Compra ahora y marca la diferencia!<\/p>\n","protected":false},"excerpt":{"rendered":"<p>Descubre las Nike Dunk Low \u2018Sun Club \u2013 Arctic Orange Sanded Gold\u2019&#8230; El complemento perfecto para destacar este&hellip;<\/p>\n","protected":false},"featured_media":2714,"template":"","meta":[],"product_cat":[53,60,61,37],"product_tag":[194,203],"class_list":{"0":"post-2720","1":"product","2":"type-product","3":"status-publish","4":"has-post-thumbnail","6":"product_cat-calzado","7":"product_cat-nike","8":"product_cat-dunk-sb","9":"product_cat-accessories","10":"product_tag-nike","11":"product_tag-nike-dunk-low-sun-club-arctic-orange-sanded-gold","12":"pa_talla-eu-56","13":"pa_talla-eu-39","14":"pa_talla-eu-40","15":"pa_talla-eu-41","16":"pa_talla-eu-42","17":"pa_talla-eu-43","18":"pa_talla-eu-44","19":"pa_talla-eu-45","20":"pa_talla-eu-46","21":"pa_talla-eu-47","22":"pa_talla-eu-48","24":"first","25":"instock","26":"sale","27":"shipping-taxable","28":"purchasable","29":"product-type-variable"},"_links":{"self":[{"href":"https:\/\/streetkicksco.com\/it\/wp-json\/wp\/v2\/product\/2720","targetHints":{"allow":["GET"]}}],"collection":[{"href":"https:\/\/streetkicksco.com\/it\/wp-json\/wp\/v2\/product"}],"about":[{"href":"https:\/\/streetkicksco.com\/it\/wp-json\/wp\/v2\/types\/product"}],"version-history":[{"count":0,"href":"https:\/\/streetkicksco.com\/it\/wp-json\/wp\/v2\/product\/2720\/revisions"}],"wp:featuredmedia":[{"embeddable":true,"href":"https:\/\/streetkicksco.com\/it\/wp-json\/wp\/v2\/media\/2714"}],"wp:attachment":[{"href":"https:\/\/streetkicksco.com\/it\/wp-json\/wp\/v2\/media?parent=2720"}],"wp:term":[{"taxonomy":"product_cat","embeddable":true,"href":"https:\/\/streetkicksco.com\/it\/wp-json\/wp\/v2\/product_cat?post=2720"},{"taxonomy":"product_tag","embeddable":true,"href":"https:\/\/streetkicksco.com\/it\/wp-json\/wp\/v2\/product_tag?post=2720"}],"curies":[{"name":"wp","href":"https:\/\/api.w.org\/{rel}","templated":true}]}}