{"id":27828,"date":"2026-03-03T22:26:06","date_gmt":"2026-03-03T21:26:06","guid":{"rendered":"https:\/\/streetkicksco.com\/shop\/new-balance-9060-x-joe-freshgoods-baby-shower-blue\/"},"modified":"2026-03-18T06:19:15","modified_gmt":"2026-03-18T05:19:15","slug":"new-balance-9060-x-joe-freshgoods-baby-shower-blue","status":"publish","type":"product","link":"https:\/\/streetkicksco.com\/it\/shop\/new-balance-9060-x-joe-freshgoods-baby-shower-blue\/","title":{"rendered":"New Balance 9060 x Joe Freshgoods &#8216;Baby Shower Blue&#8217;"},"content":{"rendered":"<p>Colaboraci\u00f3n exclusiva entre New Balance y Joe Freshgoods. Las 9060 Baby Shower Blue destacan por su dise\u00f1o \u00fanico en tonos azul pastel.<\/p>\n","protected":false},"excerpt":{"rendered":"<p>New Balance 9060 x Joe Freshgoods &#8211; Collab exclusiva<\/p>\n","protected":false},"featured_media":27835,"template":"","meta":[],"product_cat":[99,1056],"product_tag":[],"class_list":{"0":"post-27828","1":"product","2":"type-product","3":"status-publish","4":"has-post-thumbnail","6":"product_cat-new-balance","7":"product_cat-new-balance-9060","8":"pa_talla-eu-39","9":"pa_talla-eu-40","10":"pa_talla-eu-41","11":"pa_talla-eu-39-5-eu-uk-6-5-25-5cm","12":"pa_talla-eu-43","13":"pa_talla-eu-41-5-eu-uk-7-26cm","14":"pa_talla-eu-45","15":"pa_talla-eu-46","16":"pa_talla-eu-47","17":"pa_talla-eu-48","19":"first","20":"instock","21":"shipping-taxable","22":"purchasable","23":"product-type-variable"},"_links":{"self":[{"href":"https:\/\/streetkicksco.com\/it\/wp-json\/wp\/v2\/product\/27828","targetHints":{"allow":["GET"]}}],"collection":[{"href":"https:\/\/streetkicksco.com\/it\/wp-json\/wp\/v2\/product"}],"about":[{"href":"https:\/\/streetkicksco.com\/it\/wp-json\/wp\/v2\/types\/product"}],"version-history":[{"count":0,"href":"https:\/\/streetkicksco.com\/it\/wp-json\/wp\/v2\/product\/27828\/revisions"}],"wp:featuredmedia":[{"embeddable":true,"href":"https:\/\/streetkicksco.com\/it\/wp-json\/wp\/v2\/media\/27835"}],"wp:attachment":[{"href":"https:\/\/streetkicksco.com\/it\/wp-json\/wp\/v2\/media?parent=27828"}],"wp:term":[{"taxonomy":"product_cat","embeddable":true,"href":"https:\/\/streetkicksco.com\/it\/wp-json\/wp\/v2\/product_cat?post=27828"},{"taxonomy":"product_tag","embeddable":true,"href":"https:\/\/streetkicksco.com\/it\/wp-json\/wp\/v2\/product_tag?post=27828"}],"curies":[{"name":"wp","href":"https:\/\/api.w.org\/{rel}","templated":true}]}}