{"id":29271,"date":"2026-03-19T03:36:48","date_gmt":"2026-03-19T02:36:48","guid":{"rendered":"https:\/\/streetkicksco.com\/shop\/travis-scott-x-air-jordan-1-low-og-tropical-pink\/"},"modified":"2026-03-19T03:48:42","modified_gmt":"2026-03-19T02:48:42","slug":"travis-scott-x-air-jordan-1-low-og-tropical-pink","status":"publish","type":"product","link":"https:\/\/streetkicksco.com\/it\/shop\/travis-scott-x-air-jordan-1-low-og-tropical-pink\/","title":{"rendered":"Travis Scott x Air Jordan 1 Low OG Tropical Pink"},"content":{"rendered":"<p>La <strong>Travis Scott x Air Jordan 1 Low OG Tropical Pink<\/strong> destaca por su est\u00e9tica exclusiva y el dise\u00f1o caracter\u00edstico de la colaboraci\u00f3n con Travis Scott.<\/p>\n<ul>\n<li>Dise\u00f1o Air Jordan 1 Low OG<\/li>\n<li>Acabados premium<\/li>\n<li>Colorway Tropical Pink<\/li>\n<li>Comodidad para uso diario<\/li>\n<li>Caja original incluida<\/li>\n<\/ul>\n<p>Env\u00edo gratuito en 9-15 d\u00edas.<\/p>\n","protected":false},"excerpt":{"rendered":"<p>Travis Scott x Air Jordan 1 Low OG Tropical Pink. Edici\u00f3n especial con est\u00e9tica Cactus Jack.<\/p>\n","protected":false},"featured_media":29294,"template":"","meta":[],"product_cat":[90],"product_tag":[],"class_list":{"0":"post-29271","1":"product","2":"type-product","3":"status-publish","4":"has-post-thumbnail","6":"product_cat-air-jordan-1-low","7":"pa_talla-eu-39","8":"pa_talla-eu-40","9":"pa_talla-eu-41","10":"pa_talla-eu-42","11":"pa_talla-eu-43","12":"pa_talla-eu-44","13":"pa_talla-eu-45","14":"pa_talla-eu-46","15":"pa_talla-eu-47","16":"pa_talla-eu-48","18":"first","19":"instock","20":"shipping-taxable","21":"purchasable","22":"product-type-variable"},"_links":{"self":[{"href":"https:\/\/streetkicksco.com\/it\/wp-json\/wp\/v2\/product\/29271","targetHints":{"allow":["GET"]}}],"collection":[{"href":"https:\/\/streetkicksco.com\/it\/wp-json\/wp\/v2\/product"}],"about":[{"href":"https:\/\/streetkicksco.com\/it\/wp-json\/wp\/v2\/types\/product"}],"version-history":[{"count":3,"href":"https:\/\/streetkicksco.com\/it\/wp-json\/wp\/v2\/product\/29271\/revisions"}],"predecessor-version":[{"id":29301,"href":"https:\/\/streetkicksco.com\/it\/wp-json\/wp\/v2\/product\/29271\/revisions\/29301"}],"wp:featuredmedia":[{"embeddable":true,"href":"https:\/\/streetkicksco.com\/it\/wp-json\/wp\/v2\/media\/29294"}],"wp:attachment":[{"href":"https:\/\/streetkicksco.com\/it\/wp-json\/wp\/v2\/media?parent=29271"}],"wp:term":[{"taxonomy":"product_cat","embeddable":true,"href":"https:\/\/streetkicksco.com\/it\/wp-json\/wp\/v2\/product_cat?post=29271"},{"taxonomy":"product_tag","embeddable":true,"href":"https:\/\/streetkicksco.com\/it\/wp-json\/wp\/v2\/product_tag?post=29271"}],"curies":[{"name":"wp","href":"https:\/\/api.w.org\/{rel}","templated":true}]}}