{"id":3224,"date":"2025-02-23T01:18:05","date_gmt":"2025-02-23T01:18:05","guid":{"rendered":"https:\/\/streetkicksco.com\/producto\/air-jordan-1-low-light-smoke-grey\/"},"modified":"2026-03-11T17:43:53","modified_gmt":"2026-03-11T16:43:53","slug":"air-jordan-1-low-light-smoke-grey","status":"publish","type":"product","link":"https:\/\/streetkicksco.com\/it\/shop\/air-jordan-1-low-light-smoke-grey\/","title":{"rendered":"AIR JORDAN 1 LOW LIGHT SMOKE GREY"},"content":{"rendered":"<p>\u00a1Descubre las AIR JORDAN 1 LOW LIGHT SMOKE GREY! Con cuero premium y una paleta de grises, estas sneakers ic\u00f3nicas son el complemento perfecto para cualquier look urbano. Gracias a la tecnolog\u00eda Air-Sole, experimentar\u00e1s una comodidad incomparable&#8230; Paso a paso. \u00a1Son el imprescindible de la temporada para los amantes de las sneakers! El stock es limitado, as\u00ed que no esperes m\u00e1s. Asegura tu par y lleva tu pasi\u00f3n por las zapatillas al siguiente nivel. \u00a1Compra ahora y s\u00e9 parte del movimiento!<\/p>\n","protected":false},"excerpt":{"rendered":"<p>\u00a1Descubre las AIR JORDAN 1 LOW LIGHT SMOKE GREY! Con cuero premium y una paleta de grises, estas&hellip;<\/p>\n","protected":false},"featured_media":3222,"template":"","meta":[],"product_cat":[88,89,90,53,60],"product_tag":[294],"class_list":{"0":"post-3224","1":"product","2":"type-product","3":"status-publish","4":"has-post-thumbnail","6":"product_cat-jordan","7":"product_cat-air-jordan-1","8":"product_cat-air-jordan-1-low","9":"product_cat-calzado","10":"product_cat-nike","11":"product_tag-air-jordan-1-low-light-smoke-grey","12":"pa_talla-eu-39","13":"pa_talla-eu-40","14":"pa_talla-eu-41","15":"pa_talla-eu-42","16":"pa_talla-eu-43","17":"pa_talla-eu-44","18":"pa_talla-eu-45","19":"pa_talla-eu-46","20":"pa_talla-eu-47","21":"pa_talla-eu-48","22":"pa_talla-eu-164","24":"first","25":"instock","26":"sale","27":"shipping-taxable","28":"purchasable","29":"product-type-variable"},"_links":{"self":[{"href":"https:\/\/streetkicksco.com\/it\/wp-json\/wp\/v2\/product\/3224","targetHints":{"allow":["GET"]}}],"collection":[{"href":"https:\/\/streetkicksco.com\/it\/wp-json\/wp\/v2\/product"}],"about":[{"href":"https:\/\/streetkicksco.com\/it\/wp-json\/wp\/v2\/types\/product"}],"version-history":[{"count":0,"href":"https:\/\/streetkicksco.com\/it\/wp-json\/wp\/v2\/product\/3224\/revisions"}],"wp:featuredmedia":[{"embeddable":true,"href":"https:\/\/streetkicksco.com\/it\/wp-json\/wp\/v2\/media\/3222"}],"wp:attachment":[{"href":"https:\/\/streetkicksco.com\/it\/wp-json\/wp\/v2\/media?parent=3224"}],"wp:term":[{"taxonomy":"product_cat","embeddable":true,"href":"https:\/\/streetkicksco.com\/it\/wp-json\/wp\/v2\/product_cat?post=3224"},{"taxonomy":"product_tag","embeddable":true,"href":"https:\/\/streetkicksco.com\/it\/wp-json\/wp\/v2\/product_tag?post=3224"}],"curies":[{"name":"wp","href":"https:\/\/api.w.org\/{rel}","templated":true}]}}