{"id":3369,"date":"2025-02-23T02:00:51","date_gmt":"2025-02-23T02:00:51","guid":{"rendered":"https:\/\/streetkicksco.com\/producto\/nike-air-force-1-low-essentials-cream\/"},"modified":"2026-03-11T17:43:50","modified_gmt":"2026-03-11T16:43:50","slug":"nike-air-force-1-low-essentials-cream","status":"publish","type":"product","link":"https:\/\/streetkicksco.com\/it\/shop\/nike-air-force-1-low-essentials-cream\/","title":{"rendered":"Nike Air Force 1 Low Essentials Cream"},"content":{"rendered":"<p>Las Nike Air Force 1 Low Essentials Cream son unas zapatillas cl\u00e1sicas con un toque moderno. La parte superior est\u00e1 confeccionada en piel de primera calidad y presenta un colorway crema que combina bien con cualquier conjunto. La unidad Air-Sole en el tal\u00f3n proporciona amortiguaci\u00f3n y sujeci\u00f3n, mientras que la suela exterior de goma ofrece tracci\u00f3n en cualquier superficie. El dise\u00f1o de corte bajo permite libertad de movimiento, haciendo de esta zapatilla una opci\u00f3n vers\u00e1til para cualquier ocasi\u00f3n.<\/p>\n","protected":false},"excerpt":{"rendered":"<p>Las Nike Air Force 1 Low Essentials Cream son unas zapatillas cl\u00e1sicas con un toque moderno. La parte&hellip;<\/p>\n","protected":false},"featured_media":3368,"template":"","meta":[],"product_cat":[53,60,157],"product_tag":[395,396,397,398,399,194,400,372,401],"class_list":{"0":"post-3369","1":"product","2":"type-product","3":"status-publish","4":"has-post-thumbnail","6":"product_cat-calzado","7":"product_cat-nike","8":"product_cat-nike-air-force","9":"product_tag-air-force-1","10":"product_tag-cream","11":"product_tag-cushioning","12":"product_tag-low-essentials","13":"product_tag-low-cut-design","14":"product_tag-nike","15":"product_tag-premium-leather","16":"product_tag-sneakers","17":"product_tag-traction","18":"pa_talla-eu-39","19":"pa_talla-eu-40","20":"pa_talla-eu-41","21":"pa_talla-eu-42","22":"pa_talla-eu-43","23":"pa_talla-eu-44","24":"pa_talla-eu-45","25":"pa_talla-eu-46","26":"pa_talla-eu-47","27":"pa_talla-eu-48","29":"first","30":"instock","31":"sale","32":"shipping-taxable","33":"purchasable","34":"product-type-variable"},"_links":{"self":[{"href":"https:\/\/streetkicksco.com\/it\/wp-json\/wp\/v2\/product\/3369","targetHints":{"allow":["GET"]}}],"collection":[{"href":"https:\/\/streetkicksco.com\/it\/wp-json\/wp\/v2\/product"}],"about":[{"href":"https:\/\/streetkicksco.com\/it\/wp-json\/wp\/v2\/types\/product"}],"version-history":[{"count":0,"href":"https:\/\/streetkicksco.com\/it\/wp-json\/wp\/v2\/product\/3369\/revisions"}],"wp:featuredmedia":[{"embeddable":true,"href":"https:\/\/streetkicksco.com\/it\/wp-json\/wp\/v2\/media\/3368"}],"wp:attachment":[{"href":"https:\/\/streetkicksco.com\/it\/wp-json\/wp\/v2\/media?parent=3369"}],"wp:term":[{"taxonomy":"product_cat","embeddable":true,"href":"https:\/\/streetkicksco.com\/it\/wp-json\/wp\/v2\/product_cat?post=3369"},{"taxonomy":"product_tag","embeddable":true,"href":"https:\/\/streetkicksco.com\/it\/wp-json\/wp\/v2\/product_tag?post=3369"}],"curies":[{"name":"wp","href":"https:\/\/api.w.org\/{rel}","templated":true}]}}