{"id":3868,"date":"2025-02-23T09:41:09","date_gmt":"2025-02-23T09:41:09","guid":{"rendered":"https:\/\/streetkicksco.com\/producto\/air-force-1-low-x-off-white-mca\/"},"modified":"2026-03-11T15:28:55","modified_gmt":"2026-03-11T14:28:55","slug":"air-force-1-low-x-off-white-mca","status":"publish","type":"product","link":"https:\/\/streetkicksco.com\/it\/shop\/air-force-1-low-x-off-white-mca\/","title":{"rendered":"Air Force 1 Low x Off White MCA"},"content":{"rendered":"<p>\u00a1Descubre el exclusivo Air Force 1 Low x Off White MCA! Esta colaboraci\u00f3n ic\u00f3nica entre Nike y Off-White redefine el estilo urbano con su vibrante color azul cielo y los distintivos detalles de Virgil Abloh: etiquetas colgantes, texto industrial, costuras visibles&#8230; Un must-have para los amantes de las sneakers y coleccionistas. No te pierdas la oportunidad de elevar tu look con esta pieza \u00fanica que fusiona arte y moda. \u00a1Haz tuyo este exclusivo par y destaca en cada paso! Disponibilidad limitada, as\u00ed que aseg\u00farate de a\u00f1adir este tesoro a tu colecci\u00f3n antes de que se agote.<\/p>\n","protected":false},"excerpt":{"rendered":"<p>\u00a1Descubre el exclusivo Air Force 1 Low x Off White MCA! Esta colaboraci\u00f3n ic\u00f3nica entre Nike y Off-White&hellip;<\/p>\n","protected":false},"featured_media":3863,"template":"","meta":[],"product_cat":[53,60,157],"product_tag":[],"class_list":{"0":"post-3868","1":"product","2":"type-product","3":"status-publish","4":"has-post-thumbnail","6":"product_cat-calzado","7":"product_cat-nike","8":"product_cat-nike-air-force","9":"pa_talla-eu-39","10":"pa_talla-eu-40","11":"pa_talla-eu-41","12":"pa_talla-eu-42","13":"pa_talla-eu-43","14":"pa_talla-eu-44","15":"pa_talla-eu-45","16":"pa_talla-eu-46","17":"pa_talla-eu-47","18":"pa_talla-eu-48","20":"first","21":"instock","22":"sale","23":"shipping-taxable","24":"purchasable","25":"product-type-variable"},"_links":{"self":[{"href":"https:\/\/streetkicksco.com\/it\/wp-json\/wp\/v2\/product\/3868","targetHints":{"allow":["GET"]}}],"collection":[{"href":"https:\/\/streetkicksco.com\/it\/wp-json\/wp\/v2\/product"}],"about":[{"href":"https:\/\/streetkicksco.com\/it\/wp-json\/wp\/v2\/types\/product"}],"version-history":[{"count":0,"href":"https:\/\/streetkicksco.com\/it\/wp-json\/wp\/v2\/product\/3868\/revisions"}],"wp:featuredmedia":[{"embeddable":true,"href":"https:\/\/streetkicksco.com\/it\/wp-json\/wp\/v2\/media\/3863"}],"wp:attachment":[{"href":"https:\/\/streetkicksco.com\/it\/wp-json\/wp\/v2\/media?parent=3868"}],"wp:term":[{"taxonomy":"product_cat","embeddable":true,"href":"https:\/\/streetkicksco.com\/it\/wp-json\/wp\/v2\/product_cat?post=3868"},{"taxonomy":"product_tag","embeddable":true,"href":"https:\/\/streetkicksco.com\/it\/wp-json\/wp\/v2\/product_tag?post=3868"}],"curies":[{"name":"wp","href":"https:\/\/api.w.org\/{rel}","templated":true}]}}