{"id":7579,"date":"2025-04-15T03:11:24","date_gmt":"2025-04-15T01:11:24","guid":{"rendered":"https:\/\/streetkicksco.com\/?post_type=product&#038;p=7579"},"modified":"2026-03-11T15:27:29","modified_gmt":"2026-03-11T14:27:29","slug":"air-jordan-1-low-og-x-travis-scott-medium-olive","status":"publish","type":"product","link":"https:\/\/streetkicksco.com\/it\/shop\/air-jordan-1-low-og-x-travis-scott-medium-olive\/","title":{"rendered":"Air Jordan 1 Low OG x Travis Scott Medium Olive"},"content":{"rendered":"<div class=\"product__block product__title-and-price\">\n<p>La Air Jordan 1 Low Travis Scott Medium Olive destaca por su dise\u00f1o innovador. Su perfil bajo la convierte en una zapatilla vers\u00e1til, perfecta tanto para atuendos casuales como para combinaciones m\u00e1s estilizadas. El uso de ante y cuero de alta calidad en la parte superior le da una apariencia lujosa y garantiza su durabilidad.<\/p>\n<p>Lo que realmente hace especial a esta zapatilla es el caracter\u00edstico Swoosh invertido, reconocido de colaboraciones anteriores con Travis Scott. El tono oliva medio, combinado con detalles en crema y negro, ofrece un look equilibrado pero audaz que eleva cualquier colecci\u00f3n de zapatillas.<\/p>\n<p>Comodidad y Funcionalidad<br \/>\nAdem\u00e1s de su dise\u00f1o llamativo, la Travis Scott x Air Jordan 1 Low Medium Olive es funcional. El cuello acolchado y la unidad Air-Sole en el tal\u00f3n proporcionan comodidad adicional, ideal para el uso diario. Ya sea que pasees por la ciudad o est\u00e9s ampliando tu colecci\u00f3n de zapatillas, esta zapatilla ofrece una mezcla perfecta de estilo y confort.<\/p>\n<p>\u00a1No esperes m\u00e1s y compra ahora en Snrkickz!<br \/>\n\u00bfQuieres tener en tus manos la exclusiva Travis Scott x Air Jordan 1 Low OG Medium Olive? Esta zapatilla es una edici\u00f3n limitada y se agotar\u00e1 r\u00e1pidamente. No esperes m\u00e1s y compra ahora en streetkicksco para obtener este par \u00fanico antes de que sea demasiado tarde. Visita nuestra tienda online y a\u00f1ade la Air Jordan 1 Low Travis Scott Medium Olive a tu colecci\u00f3n.<\/p>\n<\/div>\n<div class=\"product__block product__price-and-badge\">\n<div class=\"product__price-and-rating\">\n<div class=\"product__price\" data-price-wrapper=\"\"><\/div>\n<\/div>\n<\/div>\n","protected":false},"excerpt":{"rendered":"<p>La Air Jordan 1 Low Travis Scott Medium Olive destaca por su dise\u00f1o innovador. Su perfil bajo la&hellip;<\/p>\n","protected":false},"featured_media":7592,"template":"","meta":[],"product_cat":[88,90,53],"product_tag":[91],"class_list":{"0":"post-7579","1":"product","2":"type-product","3":"status-publish","4":"has-post-thumbnail","6":"product_cat-jordan","7":"product_cat-air-jordan-1-low","8":"product_cat-calzado","9":"product_tag-air-jordan-1-low-x-travis-scott-olive","10":"pa_talla-eu-39","11":"pa_talla-eu-40","12":"pa_talla-eu-41","13":"pa_talla-eu-42","14":"pa_talla-eu-43","15":"pa_talla-eu-44","16":"pa_talla-eu-45","17":"pa_talla-eu-46","18":"pa_talla-eu-47","19":"pa_talla-eu-48","21":"first","22":"instock","23":"shipping-taxable","24":"purchasable","25":"product-type-variable"},"_links":{"self":[{"href":"https:\/\/streetkicksco.com\/it\/wp-json\/wp\/v2\/product\/7579","targetHints":{"allow":["GET"]}}],"collection":[{"href":"https:\/\/streetkicksco.com\/it\/wp-json\/wp\/v2\/product"}],"about":[{"href":"https:\/\/streetkicksco.com\/it\/wp-json\/wp\/v2\/types\/product"}],"version-history":[{"count":0,"href":"https:\/\/streetkicksco.com\/it\/wp-json\/wp\/v2\/product\/7579\/revisions"}],"wp:featuredmedia":[{"embeddable":true,"href":"https:\/\/streetkicksco.com\/it\/wp-json\/wp\/v2\/media\/7592"}],"wp:attachment":[{"href":"https:\/\/streetkicksco.com\/it\/wp-json\/wp\/v2\/media?parent=7579"}],"wp:term":[{"taxonomy":"product_cat","embeddable":true,"href":"https:\/\/streetkicksco.com\/it\/wp-json\/wp\/v2\/product_cat?post=7579"},{"taxonomy":"product_tag","embeddable":true,"href":"https:\/\/streetkicksco.com\/it\/wp-json\/wp\/v2\/product_tag?post=7579"}],"curies":[{"name":"wp","href":"https:\/\/api.w.org\/{rel}","templated":true}]}}