{"id":9982,"date":"2025-05-26T13:23:30","date_gmt":"2025-05-26T11:23:30","guid":{"rendered":"https:\/\/streetkicksco.com\/?post_type=product&#038;p=9982"},"modified":"2026-03-11T15:27:12","modified_gmt":"2026-03-11T14:27:12","slug":"adidas-sl-72-og-leopard-print-collegiate-green-womens","status":"publish","type":"product","link":"https:\/\/streetkicksco.com\/it\/shop\/adidas-sl-72-og-leopard-print-collegiate-green-womens\/","title":{"rendered":"Adidas SL 72 OG Leopard Print Collegiate Green (Women&#8217;s)"},"content":{"rendered":"<p dir=\"ltr\">Conoce las\u00a0<strong>Adidas SL 72 OG Leopard Print Collegiate Green<\/strong>\u00a0, una reinterpretaci\u00f3n audaz del modelo cl\u00e1sico que caus\u00f3 sensaci\u00f3n cuando apareci\u00f3 por primera vez en los Juegos Ol\u00edmpicos de 1972. Estas\u00a0<strong>Adidas SL 72 Leopard<\/strong>\u00a0capturan la esencia del original al tiempo que le inyectan un esp\u00edritu salvaje con su atrevido estampado de leopardo que contrasta maravillosamente con los detalles de gamuza negra. Las ic\u00f3nicas tres rayas Adidas est\u00e1n sublimadas en negro para un look que no pasa desapercibido, mientras que el verde universitario a\u00f1ade un toque de refinamiento y distinci\u00f3n.<\/p>\n<p dir=\"ltr\">El modelo\u00a0SL 72\u00a0es reconocido por su dise\u00f1o liviano y su silueta elegante, lo que lo convierte en la mejor opci\u00f3n para quienes buscan combinar estilo y comodidad. La suela est\u00e1 dise\u00f1ada para proporcionar un agarre y una estabilidad \u00f3ptimos, lo que la hace ideal para una variedad de actividades, mientras que la amortiguaci\u00f3n cl\u00e1sica garantiza una comodidad duradera durante todo el d\u00eda. Ya sea que seas un entusiasta\u00a0<strong>de las zapatillas Adidas Leopard<\/strong>\u00a0que busca la pr\u00f3xima pieza \u00fanica para su colecci\u00f3n, o simplemente busques un zapato moderno que llame la atenci\u00f3n, las\u00a0<strong>Adidas SL 72 Leopard Print Collegiate Green<\/strong>\u00a0es una opci\u00f3n imprescindible que combina historia, estilo y funcionalidad.<\/p>\n<p dir=\"ltr\">Fecha de lanzamiento: enero de 2025<\/p>\n","protected":false},"excerpt":{"rendered":"<p>Conoce las\u00a0Adidas SL 72 OG Leopard Print Collegiate Green\u00a0, una reinterpretaci\u00f3n audaz del modelo cl\u00e1sico que caus\u00f3 sensaci\u00f3n&hellip;<\/p>\n","protected":false},"featured_media":9994,"template":"","meta":[],"product_cat":[35,528],"product_tag":[795],"class_list":{"0":"post-9982","1":"product","2":"type-product","3":"status-publish","4":"has-post-thumbnail","6":"product_cat-adidas","7":"product_cat-adidas-sl-72-og","8":"product_tag-adidas-sl-72-og-cow-print","9":"pa_talla-eu-56","10":"pa_talla-eu-39","11":"pa_talla-eu-40","12":"pa_talla-eu-41","13":"pa_talla-eu-42","14":"pa_talla-eu-43","15":"pa_talla-eu-44","16":"pa_talla-eu-45","17":"pa_talla-eu-46","18":"pa_talla-eu-47","20":"first","21":"instock","22":"sale","23":"shipping-taxable","24":"purchasable","25":"product-type-variable"},"_links":{"self":[{"href":"https:\/\/streetkicksco.com\/it\/wp-json\/wp\/v2\/product\/9982","targetHints":{"allow":["GET"]}}],"collection":[{"href":"https:\/\/streetkicksco.com\/it\/wp-json\/wp\/v2\/product"}],"about":[{"href":"https:\/\/streetkicksco.com\/it\/wp-json\/wp\/v2\/types\/product"}],"version-history":[{"count":0,"href":"https:\/\/streetkicksco.com\/it\/wp-json\/wp\/v2\/product\/9982\/revisions"}],"wp:featuredmedia":[{"embeddable":true,"href":"https:\/\/streetkicksco.com\/it\/wp-json\/wp\/v2\/media\/9994"}],"wp:attachment":[{"href":"https:\/\/streetkicksco.com\/it\/wp-json\/wp\/v2\/media?parent=9982"}],"wp:term":[{"taxonomy":"product_cat","embeddable":true,"href":"https:\/\/streetkicksco.com\/it\/wp-json\/wp\/v2\/product_cat?post=9982"},{"taxonomy":"product_tag","embeddable":true,"href":"https:\/\/streetkicksco.com\/it\/wp-json\/wp\/v2\/product_tag?post=9982"}],"curies":[{"name":"wp","href":"https:\/\/api.w.org\/{rel}","templated":true}]}}